{"id":1990,"date":"2025-09-13T06:26:18","date_gmt":"2025-09-13T06:26:18","guid":{"rendered":"https:\/\/parkline.noxx.agency\/galleria\/"},"modified":"2025-10-02T11:25:30","modified_gmt":"2025-10-02T11:25:30","slug":"galleria","status":"publish","type":"page","link":"https:\/\/parkline.noxx.agency\/fi\/galleria\/","title":{"rendered":"Galleria"},"content":{"rendered":"\t\t<div data-elementor-type=\"wp-page\" data-elementor-id=\"1990\" class=\"elementor elementor-1990 elementor-415\" data-elementor-post-type=\"page\">\n\t\t\t\t<div class=\"elementor-element elementor-element-93fc37e e-flex e-con-boxed e-con e-parent\" data-id=\"93fc37e\" data-element_type=\"container\" data-settings=\"{&quot;background_background&quot;:&quot;classic&quot;}\">\n\t\t\t\t\t<div class=\"e-con-inner\">\n\t\t<div class=\"elementor-element elementor-element-d6bb555 e-con-full e-flex e-con e-child\" data-id=\"d6bb555\" data-element_type=\"container\">\n\t\t<div class=\"elementor-element elementor-element-c8ac4b3 e-con-full e-flex e-con e-child\" data-id=\"c8ac4b3\" data-element_type=\"container\">\n\t\t\t\t<div class=\"elementor-element elementor-element-506f849 elementor-widget elementor-widget-heading\" data-id=\"506f849\" data-element_type=\"widget\" data-widget_type=\"heading.default\">\n\t\t\t\t\t<h1 class=\"elementor-heading-title elementor-size-default\">Galleria \u2014 Suoraan Instagramista<\/h1>\t\t\t\t<\/div>\n\t\t\t\t<\/div>\n\t\t\t\t<div class=\"elementor-element elementor-element-9d5abca elementor-absolute elementor-widget elementor-widget-shortcode\" data-id=\"9d5abca\" data-element_type=\"widget\" data-settings=\"{&quot;_position&quot;:&quot;absolute&quot;}\" data-widget_type=\"shortcode.default\">\n\t\t\t\t\t\t\t<div class=\"elementor-shortcode\"><span><span><a href=\"https:\/\/parkline.noxx.agency\/fi\/\">Home Page<\/a><\/span><\/span><\/div>\n\t\t\t\t\t\t<\/div>\n\t\t\t\t<\/div>\n\t\t\t\t\t<\/div>\n\t\t\t\t<\/div>\n\t\t<div class=\"elementor-element elementor-element-ae824c9 e-flex e-con-boxed e-con e-parent\" data-id=\"ae824c9\" data-element_type=\"container\">\n\t\t\t\t\t<div class=\"e-con-inner\">\n\t\t\t\t<div class=\"elementor-element elementor-element-9911b18 elementor-widget elementor-widget-shortcode\" data-id=\"9911b18\" data-element_type=\"widget\" data-widget_type=\"shortcode.default\">\n\t\t\t\t\t\t\t<div class=\"elementor-shortcode\"><div class='tagembed-widget' style='width:; height:;' data-widget-id='2061344' view-url='https:\/\/widget.tagembed.com\/2061344'><\/div><\/div>\n\t\t\t\t\t\t<\/div>\n\t\t\t\t\t<\/div>\n\t\t\t\t<\/div>\n\t\t\t\t<\/div>\n\t\t","protected":false},"excerpt":{"rendered":"<p>Galleria \u2014 Suoraan Instagramista<\/p>\n","protected":false},"author":1,"featured_media":0,"parent":0,"menu_order":0,"comment_status":"closed","ping_status":"closed","template":"","meta":{"_acf_changed":false,"footnotes":""},"class_list":["post-1990","page","type-page","status-publish","hentry"],"acf":[],"yoast_head":"<!-- This site is optimized with the Yoast SEO plugin v26.1.1 - https:\/\/yoast.com\/wordpress\/plugins\/seo\/ -->\n<title>Galleria - Parkline<\/title>\n<meta name=\"robots\" content=\"index, follow, max-snippet:-1, max-image-preview:large, max-video-preview:-1\" \/>\n<link rel=\"canonical\" href=\"https:\/\/parkline.noxx.agency\/galerii\/\" \/>\n<meta property=\"og:locale\" content=\"fi_FI\" \/>\n<meta property=\"og:type\" content=\"article\" \/>\n<meta property=\"og:title\" content=\"Galleria - Parkline\" \/>\n<meta property=\"og:description\" content=\"Galleria \u2014 Suoraan Instagramista\" \/>\n<meta property=\"og:url\" content=\"https:\/\/parkline.noxx.agency\/galerii\/\" \/>\n<meta property=\"og:site_name\" content=\"Parkline\" \/>\n<meta property=\"article:modified_time\" content=\"2025-10-02T11:25:30+00:00\" \/>\n<meta name=\"twitter:card\" content=\"summary_large_image\" \/>\n<meta name=\"twitter:label1\" content=\"Arvioitu lukuaika\" \/>\n\t<meta name=\"twitter:data1\" content=\"1 minuutti\" \/>\n<script type=\"application\/ld+json\" class=\"yoast-schema-graph\">{\"@context\":\"https:\/\/schema.org\",\"@graph\":[{\"@type\":\"WebPage\",\"@id\":\"https:\/\/parkline.noxx.agency\/galerii\/\",\"url\":\"https:\/\/parkline.noxx.agency\/galerii\/\",\"name\":\"Galleria - Parkline\",\"isPartOf\":{\"@id\":\"https:\/\/parkline.noxx.agency\/#website\"},\"datePublished\":\"2025-09-13T06:26:18+00:00\",\"dateModified\":\"2025-10-02T11:25:30+00:00\",\"breadcrumb\":{\"@id\":\"https:\/\/parkline.noxx.agency\/galerii\/#breadcrumb\"},\"inLanguage\":\"fi\",\"potentialAction\":[{\"@type\":\"ReadAction\",\"target\":[\"https:\/\/parkline.noxx.agency\/galerii\/\"]}]},{\"@type\":\"BreadcrumbList\",\"@id\":\"https:\/\/parkline.noxx.agency\/galerii\/#breadcrumb\",\"itemListElement\":[{\"@type\":\"ListItem\",\"position\":1,\"name\":\"Home Page\",\"item\":\"https:\/\/parkline.noxx.agency\/fi\/\"},{\"@type\":\"ListItem\",\"position\":2,\"name\":\"Galleria\"}]},{\"@type\":\"WebSite\",\"@id\":\"https:\/\/parkline.noxx.agency\/#website\",\"url\":\"https:\/\/parkline.noxx.agency\/\",\"name\":\"Parkline\",\"description\":\"Parkimisjoon ja t\u00f6\u00f6ohutuse t\u00e4histus markeerimine.\",\"publisher\":{\"@id\":\"https:\/\/parkline.noxx.agency\/#organization\"},\"potentialAction\":[{\"@type\":\"SearchAction\",\"target\":{\"@type\":\"EntryPoint\",\"urlTemplate\":\"https:\/\/parkline.noxx.agency\/?s={search_term_string}\"},\"query-input\":{\"@type\":\"PropertyValueSpecification\",\"valueRequired\":true,\"valueName\":\"search_term_string\"}}],\"inLanguage\":\"fi\"},{\"@type\":\"Organization\",\"@id\":\"https:\/\/parkline.noxx.agency\/#organization\",\"name\":\"Parkline\",\"url\":\"https:\/\/parkline.noxx.agency\/\",\"logo\":{\"@type\":\"ImageObject\",\"inLanguage\":\"fi\",\"@id\":\"https:\/\/parkline.noxx.agency\/#\/schema\/logo\/image\/\",\"url\":\"https:\/\/parkline.noxx.agency\/wp-content\/uploads\/2025\/09\/parkline-logo.svg\",\"contentUrl\":\"https:\/\/parkline.noxx.agency\/wp-content\/uploads\/2025\/09\/parkline-logo.svg\",\"width\":182,\"height\":48,\"caption\":\"Parkline\"},\"image\":{\"@id\":\"https:\/\/parkline.noxx.agency\/#\/schema\/logo\/image\/\"}}]}<\/script>\n<!-- \/ Yoast SEO plugin. -->","yoast_head_json":{"title":"Galleria - Parkline","robots":{"index":"index","follow":"follow","max-snippet":"max-snippet:-1","max-image-preview":"max-image-preview:large","max-video-preview":"max-video-preview:-1"},"canonical":"https:\/\/parkline.noxx.agency\/galerii\/","og_locale":"fi_FI","og_type":"article","og_title":"Galleria - Parkline","og_description":"Galleria \u2014 Suoraan Instagramista","og_url":"https:\/\/parkline.noxx.agency\/galerii\/","og_site_name":"Parkline","article_modified_time":"2025-10-02T11:25:30+00:00","twitter_card":"summary_large_image","twitter_misc":{"Arvioitu lukuaika":"1 minuutti"},"schema":{"@context":"https:\/\/schema.org","@graph":[{"@type":"WebPage","@id":"https:\/\/parkline.noxx.agency\/galerii\/","url":"https:\/\/parkline.noxx.agency\/galerii\/","name":"Galleria - Parkline","isPartOf":{"@id":"https:\/\/parkline.noxx.agency\/#website"},"datePublished":"2025-09-13T06:26:18+00:00","dateModified":"2025-10-02T11:25:30+00:00","breadcrumb":{"@id":"https:\/\/parkline.noxx.agency\/galerii\/#breadcrumb"},"inLanguage":"fi","potentialAction":[{"@type":"ReadAction","target":["https:\/\/parkline.noxx.agency\/galerii\/"]}]},{"@type":"BreadcrumbList","@id":"https:\/\/parkline.noxx.agency\/galerii\/#breadcrumb","itemListElement":[{"@type":"ListItem","position":1,"name":"Home Page","item":"https:\/\/parkline.noxx.agency\/fi\/"},{"@type":"ListItem","position":2,"name":"Galleria"}]},{"@type":"WebSite","@id":"https:\/\/parkline.noxx.agency\/#website","url":"https:\/\/parkline.noxx.agency\/","name":"Parkline","description":"Parkimisjoon ja t\u00f6\u00f6ohutuse t\u00e4histus markeerimine.","publisher":{"@id":"https:\/\/parkline.noxx.agency\/#organization"},"potentialAction":[{"@type":"SearchAction","target":{"@type":"EntryPoint","urlTemplate":"https:\/\/parkline.noxx.agency\/?s={search_term_string}"},"query-input":{"@type":"PropertyValueSpecification","valueRequired":true,"valueName":"search_term_string"}}],"inLanguage":"fi"},{"@type":"Organization","@id":"https:\/\/parkline.noxx.agency\/#organization","name":"Parkline","url":"https:\/\/parkline.noxx.agency\/","logo":{"@type":"ImageObject","inLanguage":"fi","@id":"https:\/\/parkline.noxx.agency\/#\/schema\/logo\/image\/","url":"https:\/\/parkline.noxx.agency\/wp-content\/uploads\/2025\/09\/parkline-logo.svg","contentUrl":"https:\/\/parkline.noxx.agency\/wp-content\/uploads\/2025\/09\/parkline-logo.svg","width":182,"height":48,"caption":"Parkline"},"image":{"@id":"https:\/\/parkline.noxx.agency\/#\/schema\/logo\/image\/"}}]}},"_links":{"self":[{"href":"https:\/\/parkline.noxx.agency\/fi\/wp-json\/wp\/v2\/pages\/1990","targetHints":{"allow":["GET"]}}],"collection":[{"href":"https:\/\/parkline.noxx.agency\/fi\/wp-json\/wp\/v2\/pages"}],"about":[{"href":"https:\/\/parkline.noxx.agency\/fi\/wp-json\/wp\/v2\/types\/page"}],"author":[{"embeddable":true,"href":"https:\/\/parkline.noxx.agency\/fi\/wp-json\/wp\/v2\/users\/1"}],"replies":[{"embeddable":true,"href":"https:\/\/parkline.noxx.agency\/fi\/wp-json\/wp\/v2\/comments?post=1990"}],"version-history":[{"count":6,"href":"https:\/\/parkline.noxx.agency\/fi\/wp-json\/wp\/v2\/pages\/1990\/revisions"}],"predecessor-version":[{"id":2498,"href":"https:\/\/parkline.noxx.agency\/fi\/wp-json\/wp\/v2\/pages\/1990\/revisions\/2498"}],"wp:attachment":[{"href":"https:\/\/parkline.noxx.agency\/fi\/wp-json\/wp\/v2\/media?parent=1990"}],"curies":[{"name":"wp","href":"https:\/\/api.w.org\/{rel}","templated":true}]}}